{"id":9,"date":"2019-10-21T18:14:44","date_gmt":"2019-10-21T16:14:44","guid":{"rendered":"http:\/\/localhost\/mas\/?page_id=9"},"modified":"2021-03-05T02:07:28","modified_gmt":"2021-03-05T01:07:28","slug":"accueil","status":"publish","type":"page","link":"https:\/\/ecsomlp.com\/","title":{"rendered":"Accueil"},"content":{"rendered":"<p>L&rsquo;excellente qualit\u00e9 de nos produits est garantie par notre syst\u00e8me de contr\u00f4le qualit\u00e9 global.\t\t\t\t\t\t\t\t\t\t\t\t\t\t<\/p>\n<p><!-- .container --><br \/>\n\t\t\t\t\t\t\t\t <!-- .overlay --><\/p>\n<p>Nos produits<br \/>\n\t\t\t\t\t\t\t\t\t\t\t\t\t\t\t\t\t\t\t\t\t\tPoisson congel\u00e9 en haute merZone de capture: Atlantique Centre EST<\/p>\n<p><a href=\"http:\/\/ecsomlp.com\/?p=53\"><img loading=\"lazy\" width=\"480\" height=\"480\" src=\"http:\/\/ecsomlp.com\/wp-content\/uploads\/2019\/10\/WhatsApp-Image-2021-01-21-at-22.31.43-480x480.jpeg\" \/><\/a>\t\t\t\t\t\t\t\t\t\t\t\t\t\t\t\t\t\t\t\t\t\t\t<\/p>\n<p><a href=\"http:\/\/ecsomlp.com\/?p=53\">Produit 1<\/a><\/p>\n<p><a href=\"http:\/\/ecsomlp.com\/?p=55\"><img loading=\"lazy\" width=\"480\" height=\"480\" src=\"http:\/\/ecsomlp.com\/wp-content\/uploads\/2019\/10\/WhatsApp-Image-2019-10-22-at-11.38.47-480x480.jpeg\" \/><\/a>\t\t\t\t\t\t\t\t\t\t\t\t\t\t\t\t\t\t\t\t\t\t\t<\/p>\n<p><a href=\"http:\/\/ecsomlp.com\/?p=55\">Produit 2<\/a><\/p>\n<p><a href=\"http:\/\/ecsomlp.com\/?p=57\"><img loading=\"lazy\" width=\"480\" height=\"480\" src=\"http:\/\/ecsomlp.com\/wp-content\/uploads\/2019\/10\/t7-480x480.jpeg\" \/><\/a>\t\t\t\t\t\t\t\t\t\t\t\t\t\t\t\t\t\t\t\t\t\t\t<\/p>\n<p><a href=\"http:\/\/ecsomlp.com\/?p=57\">Produit 3<\/a><\/p>\n<p><a href=\"http:\/\/ecsomlp.com\/?p=59\"><img loading=\"lazy\" width=\"480\" height=\"480\" src=\"http:\/\/ecsomlp.com\/wp-content\/uploads\/2019\/10\/WhatsApp-Image-2019-10-22-at-11.38.28-480x480.jpeg\" \/><\/a>\t\t\t\t\t\t\t\t\t\t\t\t\t\t\t\t\t\t\t\t\t\t\t<\/p>\n<p><a href=\"http:\/\/ecsomlp.com\/?p=59\">Produit 4<\/a><\/p>\n<p><a href=\"http:\/\/ecsomlp.com\/?p=61\"><img loading=\"lazy\" width=\"480\" height=\"480\" src=\"http:\/\/ecsomlp.com\/wp-content\/uploads\/2021\/02\/demo-image-480x480.png\" \/><\/a>\t\t\t\t\t\t\t\t\t\t\t\t\t\t\t\t\t\t\t\t\t\t\t<\/p>\n<p><a href=\"http:\/\/ecsomlp.com\/?p=61\">Produit 5<\/a><\/p>\n<p><a href=\"http:\/\/ecsomlp.com\/?p=63\"><img loading=\"lazy\" width=\"480\" height=\"480\" src=\"http:\/\/ecsomlp.com\/wp-content\/uploads\/2019\/10\/WhatsApp-Image-2021-01-21-at-22.19.06-480x480.jpeg\" \/><\/a>\t\t\t\t\t\t\t\t\t\t\t\t\t\t\t\t\t\t\t\t\t\t\t<\/p>\n<p><a href=\"http:\/\/ecsomlp.com\/?p=63\">Produit 6<\/a><\/p>\n<p><!-- \/row --><\/p>\n<p>ETS CHEIKH SIDIYA POUR LA P\u00caCHE<br \/>\n\t\t\t\t\t\t\t\t\t\t\t\t\t\t\t\t\t\t\t\t\t\tNous sommes une soci\u00e9t\u00e9 sp\u00e9cialis\u00e9 dans la consignation et la commercialisation des produits de mer<\/p>\n<p>Nos services sont profonds et s&rsquo;appuient sur plus de 30 ans d&rsquo;exp\u00e9rience.\t\t\t\t\t\t\t\t\t\t\t\t\t\t<\/p>\n<p><!-- .container --><br \/>\n\t\t\t\t\t\t\t\t <!-- .overlay --><\/p>\n<p><img loading=\"lazy\" width=\"768\" height=\"1024\" src=\"http:\/\/ecsomlp.com\/wp-content\/uploads\/2021\/02\/lembarek1.jpeg\" \/>\t\t\t\t<\/p>\n<p>LEMBAREK I\t\t\t\t\t\t\t\t\t\t\t\t\t\t\t\t\t\t\t\t\t\t\t\t\t\t\t<\/p>\n<p><img loading=\"lazy\" width=\"768\" height=\"1024\" src=\"http:\/\/ecsomlp.com\/wp-content\/uploads\/2021\/02\/lembarek2.jpeg\" \/>\t\t\t\t<\/p>\n<p>LEMBAREK II\t\t\t\t\t\t\t\t\t\t\t\t\t\t\t\t\t\t\t\t\t\t\t\t\t\t\t<\/p>\n<p><!-- \/row --><\/p>\n","protected":false},"excerpt":{"rendered":"<p class=\"excerpt\">L&rsquo;excellente qualit\u00e9 de nos produits est garantie par notre syst\u00e8me de contr\u00f4le qualit\u00e9 global. Nos produits Poisson congel\u00e9 en haute merZone de capture: Atlantique Centre EST Produit 1 Produit 2 Produit 3 Produit 4 Produit 5 Produit 6 ETS CHEIKH SIDIYA POUR LA P\u00caCHE Nous sommes une soci\u00e9t\u00e9 sp\u00e9cialis\u00e9 dans la consignation et la commercialisation [&hellip;]<\/p>\n","protected":false},"author":1,"featured_media":0,"parent":0,"menu_order":0,"comment_status":"closed","ping_status":"closed","template":"builder.php","meta":[],"_links":{"self":[{"href":"https:\/\/ecsomlp.com\/index.php?rest_route=\/wp\/v2\/pages\/9"}],"collection":[{"href":"https:\/\/ecsomlp.com\/index.php?rest_route=\/wp\/v2\/pages"}],"about":[{"href":"https:\/\/ecsomlp.com\/index.php?rest_route=\/wp\/v2\/types\/page"}],"author":[{"embeddable":true,"href":"https:\/\/ecsomlp.com\/index.php?rest_route=\/wp\/v2\/users\/1"}],"replies":[{"embeddable":true,"href":"https:\/\/ecsomlp.com\/index.php?rest_route=%2Fwp%2Fv2%2Fcomments&post=9"}],"version-history":[{"count":47,"href":"https:\/\/ecsomlp.com\/index.php?rest_route=\/wp\/v2\/pages\/9\/revisions"}],"predecessor-version":[{"id":189,"href":"https:\/\/ecsomlp.com\/index.php?rest_route=\/wp\/v2\/pages\/9\/revisions\/189"}],"wp:attachment":[{"href":"https:\/\/ecsomlp.com\/index.php?rest_route=%2Fwp%2Fv2%2Fmedia&parent=9"}],"curies":[{"name":"wp","href":"https:\/\/api.w.org\/{rel}","templated":true}]}}